{"id":59,"date":"2009-12-15T01:55:29","date_gmt":"2009-12-14T23:55:29","guid":{"rendered":"http:\/\/www.werkpaedagogik.de\/?page_id=59"},"modified":"2009-12-15T01:55:29","modified_gmt":"2009-12-14T23:55:29","slug":"wasserwerkstatt","status":"publish","type":"page","link":"https:\/\/www.werkpaedagogik.de\/?page_id=59","title":{"rendered":"Wasserwerkstatt"},"content":{"rendered":"<p>in der Akademie Remscheid!<a href=\"https:\/\/www.werkpaedagogik.de\/wp-content\/uploads\/2009\/12\/unesco1.jpg\"><img loading=\"lazy\" decoding=\"async\" class=\"size-thumbnail wp-image-72 alignright\" title=\"unesco1\" src=\"https:\/\/www.werkpaedagogik.de\/wp-content\/uploads\/2009\/12\/unesco1-150x150.jpg\" alt=\"unesco1\" width=\"72\" height=\"72\" \/><\/a><\/p>\n<p>Auch 2010 wird es in der Akademie Remscheid einen besonderen Werkstattkurs geben, der sich ganz den Erlebnissen mit dem Flie\u00dfen zuwendet. Der K\u00fcnstler, Maler und Bildhauer Roland Oesker gestaltet diese erlebnisreichen Tage gemeinsam mit dem Medien- und Umweltp\u00e4dagogen G\u00fcnter Klarner. Der wichtige Termin ist der 9.-13. Mai 2010. Es geht in dieser\u00a0<a href=\"https:\/\/www.werkpaedagogik.de\/wp-content\/uploads\/2009\/12\/wolke.jpg\"><img loading=\"lazy\" decoding=\"async\" class=\"alignleft size-thumbnail wp-image-66\" title=\"wolke\" src=\"https:\/\/www.werkpaedagogik.de\/wp-content\/uploads\/2009\/12\/wolke-150x150.jpg\" alt=\"wolke\" width=\"54\" height=\"54\" \/><\/a> Fortbildung f\u00fcr Erzieher, Lehrer und K\u00fcnstler um die Erfahrungen mit der Vielfalt des Flie\u00dfens.<a href=\"https:\/\/www.werkpaedagogik.de\/wp-content\/uploads\/2009\/12\/platz-am-wasser.jpg\"><img loading=\"lazy\" decoding=\"async\" class=\"size-thumbnail wp-image-60 alignright\" title=\"platz-am-wasser\" src=\"https:\/\/www.werkpaedagogik.de\/wp-content\/uploads\/2009\/12\/platz-am-wasser-150x150.jpg\" alt=\"platz-am-wasser\" width=\"54\" height=\"54\" srcset=\"https:\/\/www.werkpaedagogik.de\/wp-content\/uploads\/2009\/12\/platz-am-wasser-150x150.jpg 150w, https:\/\/www.werkpaedagogik.de\/wp-content\/uploads\/2009\/12\/platz-am-wasser-150x150.jpg 293w, https:\/\/www.werkpaedagogik.de\/wp-content\/uploads\/2009\/12\/platz-am-wasser.jpg 489w\" sizes=\"auto, (max-width: 54px) 85vw, 54px\" \/><\/a> Eine Lernlandschaft mit dem Spielbrunnen im Zentrum wird aufgebaut. In die besondere Arbeitsweise der Lernlandschaft f\u00fcr die P\u00e4dagogik in den unterscheidlichen Altersstufen wird eingef\u00fchrt. Dabei werden Gestaltungsm\u00f6glichkeiten aufgezeigt, die das Besondere und Elementare des Wassers f\u00fcr die Menschen zum Thema machen. Gestaltung im Raum, in der Natur, mit der Fotografie und vielen <a href=\"https:\/\/www.werkpaedagogik.de\/wp-content\/uploads\/2009\/12\/wasserturme.jpg\"><img loading=\"lazy\" decoding=\"async\" class=\"alignleft size-thumbnail wp-image-61\" title=\"wasserturme\" src=\"https:\/\/www.werkpaedagogik.de\/wp-content\/uploads\/2009\/12\/wasserturme-150x150.jpg\" alt=\"wasserturme\" width=\"54\" height=\"54\" \/><\/a>k\u00fcnstlerischen Mitteln geh\u00f6ren dazu. Einige Bilder geben einen Hinweis, wie das Flie\u00dfende und das Wasser unser Leben bestimmen. So das Bild &#8222;Ein Platz am Wasser&#8220; und die historischen Wassert\u00fcrme. Unser Verh\u00e4ltnis zum Wasser mit einer Fotogeschichte\u00a0 zu erarbeiten, ist eine M\u00f6glichkeit in der Wasserwerkstatt zu lernen. <a href=\"https:\/\/www.werkpaedagogik.de\/wp-content\/uploads\/2009\/12\/wasserwellen.jpg\"><img loading=\"lazy\" decoding=\"async\" class=\"alignright size-thumbnail wp-image-62\" title=\"wasserwellen\" src=\"https:\/\/www.werkpaedagogik.de\/wp-content\/uploads\/2009\/12\/wasserwellen-150x150.jpg\" alt=\"wasserwellen\" width=\"54\" height=\"54\" \/><\/a><a href=\"https:\/\/www.werkpaedagogik.de\/wp-content\/uploads\/2009\/12\/wasserpferd.jpg\"><img loading=\"lazy\" decoding=\"async\" class=\"alignleft size-thumbnail wp-image-63\" title=\"wasserpferd\" src=\"https:\/\/www.werkpaedagogik.de\/wp-content\/uploads\/2009\/12\/wasserpferd-150x150.jpg\" alt=\"wasserpferd\" width=\"54\" height=\"54\" \/><\/a>Auch die Wolken und die Mereswelle geh\u00f6re dazu und die poetische Fotografie mit Alltagsdingen wie eine Plastikfigur als &#8222;Wasserpferd&#8220;.<\/p>\n","protected":false},"excerpt":{"rendered":"<p>in der Akademie Remscheid! Auch 2010 wird es in der Akademie Remscheid einen besonderen Werkstattkurs geben, der sich ganz den Erlebnissen mit dem Flie\u00dfen zuwendet. Der K\u00fcnstler, Maler und Bildhauer Roland Oesker gestaltet diese erlebnisreichen Tage gemeinsam mit dem Medien- und Umweltp\u00e4dagogen G\u00fcnter Klarner. Der wichtige Termin ist der 9.-13. Mai 2010. Es geht in &hellip; <a href=\"https:\/\/www.werkpaedagogik.de\/?page_id=59\" class=\"more-link\"><span class=\"screen-reader-text\">\u201eWasserwerkstatt\u201c<\/span> weiterlesen<\/a><\/p>\n","protected":false},"author":2,"featured_media":0,"parent":0,"menu_order":0,"comment_status":"closed","ping_status":"closed","template":"","meta":{"footnotes":""},"class_list":["post-59","page","type-page","status-publish","hentry"],"_links":{"self":[{"href":"https:\/\/www.werkpaedagogik.de\/index.php?rest_route=\/wp\/v2\/pages\/59","targetHints":{"allow":["GET"]}}],"collection":[{"href":"https:\/\/www.werkpaedagogik.de\/index.php?rest_route=\/wp\/v2\/pages"}],"about":[{"href":"https:\/\/www.werkpaedagogik.de\/index.php?rest_route=\/wp\/v2\/types\/page"}],"author":[{"embeddable":true,"href":"https:\/\/www.werkpaedagogik.de\/index.php?rest_route=\/wp\/v2\/users\/2"}],"replies":[{"embeddable":true,"href":"https:\/\/www.werkpaedagogik.de\/index.php?rest_route=%2Fwp%2Fv2%2Fcomments&post=59"}],"version-history":[{"count":0,"href":"https:\/\/www.werkpaedagogik.de\/index.php?rest_route=\/wp\/v2\/pages\/59\/revisions"}],"wp:attachment":[{"href":"https:\/\/www.werkpaedagogik.de\/index.php?rest_route=%2Fwp%2Fv2%2Fmedia&parent=59"}],"curies":[{"name":"wp","href":"https:\/\/api.w.org\/{rel}","templated":true}]}}