{"id":42,"date":"2009-12-05T17:27:59","date_gmt":"2009-12-05T15:27:59","guid":{"rendered":"http:\/\/www.werkpaedagogik.de\/?page_id=42"},"modified":"2009-12-05T17:27:59","modified_gmt":"2009-12-05T15:27:59","slug":"verrucktes-autorennen","status":"publish","type":"page","link":"https:\/\/www.werkpaedagogik.de\/?page_id=42","title":{"rendered":"Verr\u00fccktes Autorennen"},"content":{"rendered":"<p><a href=\"https:\/\/www.werkpaedagogik.de\/wp-content\/uploads\/2009\/12\/crazyred.jpg\"><img loading=\"lazy\" decoding=\"async\" class=\"size-thumbnail wp-image-48 alignleft\" title=\"crazyred\" src=\"https:\/\/www.werkpaedagogik.de\/wp-content\/uploads\/2009\/12\/crazyred-150x150.jpg\" alt=\"crazyred\" width=\"54\" height=\"54\" \/><\/a>mit selbstgebauten Rennwagen aus Holz und Pappe, angetrieben von kleinen Elektromotoren. das sind Woodworkers Cracy Racing Cars. Hier gibt es die neuesten Bauanleitungen Tips und Anregungen zum\u00a0 Selberbauen.<a href=\"https:\/\/www.werkpaedagogik.de\/wp-content\/uploads\/2009\/12\/planb.jpg\"><img loading=\"lazy\" decoding=\"async\" class=\"alignnone size-thumbnail wp-image-51\" title=\"planb\" src=\"https:\/\/www.werkpaedagogik.de\/wp-content\/uploads\/2009\/12\/planb-150x150.jpg\" alt=\"planb\" width=\"54\" height=\"54\" \/> <\/a><a href=\"https:\/\/www.werkpaedagogik.de\/wp-content\/uploads\/2009\/12\/crazyspear.jpg\"><img loading=\"lazy\" decoding=\"async\" class=\"alignnone size-thumbnail wp-image-52\" title=\"crazyspear\" src=\"https:\/\/www.werkpaedagogik.de\/wp-content\/uploads\/2009\/12\/crazyspear-150x150.jpg\" alt=\"crazyspear\" width=\"54\" height=\"54\" \/> <\/a><a href=\"https:\/\/www.werkpaedagogik.de\/wp-content\/uploads\/2009\/12\/getriebebau.jpg\"> <\/a><a href=\"https:\/\/www.werkpaedagogik.de\/wp-content\/uploads\/2009\/12\/laubsagearbeit.jpg\"><img loading=\"lazy\" decoding=\"async\" class=\"alignnone size-thumbnail wp-image-43\" title=\"laubsagearbeit\" src=\"https:\/\/www.werkpaedagogik.de\/wp-content\/uploads\/2009\/12\/laubsagearbeit-150x150.jpg\" alt=\"laubsagearbeit\" width=\"54\" height=\"54\" \/> <\/a><a href=\"https:\/\/www.werkpaedagogik.de\/wp-content\/uploads\/2009\/12\/crazygreen.jpg\"><img loading=\"lazy\" decoding=\"async\" class=\"size-thumbnail wp-image-46 alignnone\" title=\"crazygreen\" src=\"https:\/\/www.werkpaedagogik.de\/wp-content\/uploads\/2009\/12\/crazygreen-150x150.jpg\" alt=\"crazygreen\" width=\"54\" height=\"54\" \/><\/a>Hier sieht man einige Fotos aus der Jugendwerkstatt in Bonn.\u00a0 Maike Steils hat diese Bilder gemacht.\u00a0 Sie baut hier mit Kindern und Jugendlichen dies flotten Renner. In der Akademie Remscheid wird sie einen Kurs leiten und ihre Arbeit im Jugendzentrum vorstellen. Aus einfachen Sperrholzbrettchen wird das Fahrgestell mit der Laubs\u00e4ge ausges\u00e4gt. F\u00fcr den Antrieb sorgen kleine Getriebemotoren, die im p\u00e4dagogischen Fachhandel erh\u00e4ltlich sind. Auf selbstgestalteten Rennstrecken absolvieren diese Fahrzeuge abenteuerliche Touren.<a href=\"https:\/\/www.werkpaedagogik.de\/wp-content\/uploads\/2009\/12\/crazygreen.jpg\"> <\/a>Ziel des Spiels ist es, dass das Fahrzeug nach dem Start ohne ein weiteres Eingreifen auf der hindernisreichen Rennbahn ins Ziel f\u00e4hrt.\u00a0 Zwei Fahrzeuge fahren gegeneinander. Unter der Leitung der Werkp\u00e4dagogin Maike\u00a0 Steils wird an der <a href=\"http:\/\/www.akademieremscheid.de\/kurse\/kurse.php?id=344\">Akademie Remscheid<\/a> f\u00fcr diese Crazy Racing Cars ein Kurs f\u00fcr P\u00e4dagogen in der Jugendkulturarbeit angeboten.<a href=\"http:\/\/www.facebook.com\/pages\/Kulturelle-Bildung-im-Ganztag\/330256183763077\"> Weitere Bilder \u00fcber den Bau eines Fahrzeugs findet man <\/a><span style=\"text-decoration: underline;\">hier.<\/span><\/p>\n<p>Bauanleitung als pdf hier : <a href=\"https:\/\/www.werkpaedagogik.de\/wp-content\/uploads\/2010\/01\/bauplan-jesty-javelin.pdf\">bauplan-jesty-javelin<\/a><\/p>\n<p><a href=\"https:\/\/www.werkpaedagogik.de\/wp-content\/uploads\/2009\/12\/crazyred.jpg\"><\/a><\/p>\n","protected":false},"excerpt":{"rendered":"<p>mit selbstgebauten Rennwagen aus Holz und Pappe, angetrieben von kleinen Elektromotoren. das sind Woodworkers Cracy Racing Cars. Hier gibt es die neuesten Bauanleitungen Tips und Anregungen zum\u00a0 Selberbauen. Hier sieht man einige Fotos aus der Jugendwerkstatt in Bonn.\u00a0 Maike Steils hat diese Bilder gemacht.\u00a0 Sie baut hier mit Kindern und Jugendlichen dies flotten Renner. In &hellip; <a href=\"https:\/\/www.werkpaedagogik.de\/?page_id=42\" class=\"more-link\"><span class=\"screen-reader-text\">\u201eVerr\u00fccktes Autorennen\u201c<\/span> weiterlesen<\/a><\/p>\n","protected":false},"author":2,"featured_media":0,"parent":0,"menu_order":0,"comment_status":"closed","ping_status":"closed","template":"","meta":{"footnotes":""},"class_list":["post-42","page","type-page","status-publish","hentry"],"_links":{"self":[{"href":"https:\/\/www.werkpaedagogik.de\/index.php?rest_route=\/wp\/v2\/pages\/42","targetHints":{"allow":["GET"]}}],"collection":[{"href":"https:\/\/www.werkpaedagogik.de\/index.php?rest_route=\/wp\/v2\/pages"}],"about":[{"href":"https:\/\/www.werkpaedagogik.de\/index.php?rest_route=\/wp\/v2\/types\/page"}],"author":[{"embeddable":true,"href":"https:\/\/www.werkpaedagogik.de\/index.php?rest_route=\/wp\/v2\/users\/2"}],"replies":[{"embeddable":true,"href":"https:\/\/www.werkpaedagogik.de\/index.php?rest_route=%2Fwp%2Fv2%2Fcomments&post=42"}],"version-history":[{"count":0,"href":"https:\/\/www.werkpaedagogik.de\/index.php?rest_route=\/wp\/v2\/pages\/42\/revisions"}],"wp:attachment":[{"href":"https:\/\/www.werkpaedagogik.de\/index.php?rest_route=%2Fwp%2Fv2%2Fmedia&parent=42"}],"curies":[{"name":"wp","href":"https:\/\/api.w.org\/{rel}","templated":true}]}}