{"id":149,"date":"2010-03-18T10:54:36","date_gmt":"2010-03-18T08:54:36","guid":{"rendered":"http:\/\/www.werkpaedagogik.de\/?page_id=149"},"modified":"2018-12-15T23:47:00","modified_gmt":"2018-12-15T22:47:00","slug":"rennregeln-fur-die-verruckten-rennwagen-aus-der-holzwerkstatt","status":"publish","type":"page","link":"https:\/\/www.werkpaedagogik.de\/?page_id=149","title":{"rendered":"Rennregeln f\u00fcr die RoboBumpCar-Rennbahn."},"content":{"rendered":"<p><strong>Rennsportregeln f\u00fcr das &#8222;Wettkampfspiel der verr\u00fcckten Rennwagen aus der Holzwerkstatt&#8220; (Woodworkers Crazy Racing Cars &#8211; #RoboBumpCar ) <em>Bilder<\/em> <em>zum Vergr\u00f6\u00dfern Anklicken!<\/em><\/strong><br \/>\n<strong>Das Fahrzeug<\/strong><br \/>\n<a href=\"https:\/\/www.werkpaedagogik.de\/wp-content\/uploads\/2010\/03\/crazy-car-design.jpg\"><img loading=\"lazy\" decoding=\"async\" class=\"alignleft wp-image-187 size-thumbnail\" title=\"crazy-car-design\" src=\"https:\/\/www.werkpaedagogik.de\/wp-content\/uploads\/2010\/03\/crazy-car-design-150x150.jpg\" alt=\"crazy-car-design\" width=\"150\" height=\"150\" \/><\/a>1.) Das Fahrzeug (RoboBumpCar) muss vom Fahrer <a href=\"https:\/\/www.werkpaedagogik.de\/wp-content\/uploads\/2010\/03\/rennwagen-in-der-holzwerkstatt2.jpg\"><img loading=\"lazy\" decoding=\"async\" class=\"alignright wp-image-177 size-thumbnail\" title=\"rennwagen-in-der-holzwerkstatt2\" src=\"https:\/\/www.werkpaedagogik.de\/wp-content\/uploads\/2010\/03\/rennwagen-in-der-holzwerkstatt2-150x150.jpg\" alt=\"rennwagen-in-der-holzwerkstatt2\" width=\"90\" height=\"90\" \/><\/a>oder einem Rennteam selbstgebaut worden sein.<br \/>\n2.) Es gibt keine Altersbegrenzung f\u00fcr die Fahrer und das Rennteam.<br \/>\n3.) Das Fahrzeug wird von mindestens\u00a0 einem Elektromotor angetrieben und die Stromquelle hat eine <a href=\"https:\/\/www.werkpaedagogik.de\/wp-content\/uploads\/2010\/03\/rennwagen-in-der-holzwerkstatt3.jpg\"><img loading=\"lazy\" decoding=\"async\" class=\"alignright wp-image-178 size-thumbnail\" title=\"rennwagen-in-der-holzwerkstatt3\" src=\"https:\/\/www.werkpaedagogik.de\/wp-content\/uploads\/2010\/03\/rennwagen-in-der-holzwerkstatt3-150x150.jpg\" alt=\"rennwagen-in-der-holzwerkstatt3\" width=\"150\" height=\"150\" \/><\/a>Spannung, die nicht gr\u00f6\u00dfer als 9 Volt sein darf.<br \/>\n<a href=\"https:\/\/www.werkpaedagogik.de\/wp-content\/uploads\/2010\/03\/vor-dem-start.jpg\"><img loading=\"lazy\" decoding=\"async\" class=\"alignleft wp-image-158\" title=\"vor-dem-start\" src=\"https:\/\/www.werkpaedagogik.de\/wp-content\/uploads\/2010\/03\/vor-dem-start-150x150.jpg\" alt=\"vor-dem-start\" width=\"110\" height=\"110\" \/><\/a>\u00a0 \u00a0 \u00a04.) Das Fahrzeug wird aus Holz, Pappe oder Fundst\u00fccken wie Verpackungsreste hergestellt, R\u00e4der d\u00fcrfen aus Holz, Kunststoff oder Gummi sein.<a href=\"https:\/\/www.werkpaedagogik.de\/wp-content\/uploads\/2010\/03\/crazy-cars-der-start.jpg\"><img loading=\"lazy\" decoding=\"async\" class=\"alignright wp-image-161 size-thumbnail\" title=\"crazy-cars-der-start\" src=\"https:\/\/www.werkpaedagogik.de\/wp-content\/uploads\/2010\/03\/crazy-cars-der-start-150x150.jpg\" alt=\"crazy-cars-der-start\" width=\"150\" height=\"150\" \/><\/a><\/p>\n<p>5.) Das Fahrzeug ist in der Gestaltungs-Gruppe 1 (GG1) nur durch das Ansto\u00dfen der Bumper (Stossf\u00e4nger) lenkbar. In der GG2 durch Ber\u00fchrungssensoren (Schalter, Lichtsensor), in der GG3 durch elektronische, bzw. digitale Steuerung.<\/p>\n<p><a href=\"https:\/\/www.werkpaedagogik.de\/wp-content\/uploads\/2010\/03\/crazy-racing-cars-begeistern.jpg\"><img loading=\"lazy\" decoding=\"async\" class=\"alignleft wp-image-162 size-thumbnail\" title=\"crazy-racing-cars-begeistern\" src=\"https:\/\/www.werkpaedagogik.de\/wp-content\/uploads\/2010\/03\/crazy-racing-cars-begeistern-150x150.jpg\" alt=\"crazy-racing-cars-begeistern\" width=\"150\" height=\"150\" \/><\/a>6.) Das Material f\u00fcr die Bumper der Rennwagen ist nicht vorgeschrieben.<a href=\"https:\/\/www.werkpaedagogik.de\/wp-content\/uploads\/2010\/03\/spannung-bei-crazy-racing-cars.jpg\"><img loading=\"lazy\" decoding=\"async\" class=\"alignright wp-image-163 size-thumbnail\" title=\"spannung-bei-crazy-racing-cars\" src=\"https:\/\/www.werkpaedagogik.de\/wp-content\/uploads\/2010\/03\/spannung-bei-crazy-racing-cars-150x150.jpg\" alt=\"spannung-bei-crazy-racing-cars\" width=\"150\" height=\"150\" \/><\/a><\/p>\n<p><strong><a href=\"https:\/\/www.werkpaedagogik.de\/wp-content\/uploads\/2010\/03\/rennbahnverlauf2.jpg\"><img loading=\"lazy\" decoding=\"async\" class=\"alignleft wp-image-156 size-thumbnail\" title=\"rennbahnverlauf2\" src=\"https:\/\/www.werkpaedagogik.de\/wp-content\/uploads\/2010\/03\/rennbahnverlauf2-150x150.jpg\" alt=\"rennbahnverlauf2\" width=\"150\" height=\"150\" \/><\/a>Die Rennbahn<\/strong><br \/>\n1.) Die Bahn besteht aus einer Umrandung und einer Insel, die von den Fahrzeugen umfahren werden muss.<br \/>\n2.) Die Umrandung (Bande) muss ohne spitze Ecken und Kanten gebaut werden.<br \/>\n3.) Es k\u00f6nnen auch mehrere Inseln eingebaut werden, wenn die Gr\u00f6\u00dfe der Bahn das erlaubt.<br \/>\n4.) Die Umrandung darf keine Sackgassen bilden, in der ein Fahrzeug durch Bandenber\u00fchrung nicht wenden kann.<a href=\"https:\/\/www.werkpaedagogik.de\/wp-content\/uploads\/2010\/03\/crazy-cars-starten.jpg\"><img loading=\"lazy\" decoding=\"async\" class=\"alignright wp-image-197 size-thumbnail\" title=\"crazy-cars-starten\" src=\"https:\/\/www.werkpaedagogik.de\/wp-content\/uploads\/2010\/03\/crazy-cars-starten-150x150.jpg\" alt=\"crazy-cars-starten\" width=\"150\" height=\"150\" \/><\/a><br \/>\n5.) Die Bahn kann mindestens zw<a href=\"https:\/\/www.werkpaedagogik.de\/wp-content\/uploads\/2010\/03\/rennbahn1.jpg\"><img loading=\"lazy\" decoding=\"async\" class=\"alignleft wp-image-155 size-thumbnail\" title=\"rennbahn1\" src=\"https:\/\/www.werkpaedagogik.de\/wp-content\/uploads\/2010\/03\/rennbahn1-150x150.jpg\" alt=\"rennbahn1\" width=\"150\" height=\"150\" \/><\/a>ei, maximal sechs bewegliche<br \/>\nHindernisse (Tonnen) haben, die von den Fahrern<br \/>\npositioniert werden k\u00f6nnen.<br \/>\n6.) Hindernisse m\u00fcssen zueinander, zu den Inseln oder zur Rennbahnbegrenzung (Bande) einen Abstand von mindestens 20 cm einhalten.<br \/>\n7.) Eine Insel muss zur Bande und zu weiteren Inseln einen Abstand von 20 cm einhalten.<a href=\"https:\/\/www.werkpaedagogik.de\/wp-content\/uploads\/2010\/03\/crazy-car-speedway.jpg\"><img loading=\"lazy\" decoding=\"async\" class=\"alignright wp-image-198\" title=\"crazy-car-speedway\" src=\"https:\/\/www.werkpaedagogik.de\/wp-content\/uploads\/2010\/03\/crazy-car-speedway-150x150.jpg\" alt=\"crazy-car-speedway\" width=\"178\" height=\"178\" \/><\/a><br \/>\n8.) Die Rennbahn beginnt an der Startlinie, die zugleich Ziellinie ist.<br \/>\n9.) Im Wettkampf wird aufeinander zu gefahren und die Richtungs\u00e4nderung kann nur durch Ber\u00fchrung der Bande, der Hindernisse oder durch den<\/p>\n<p>Zusammensto\u00df der Fahrzeuge erreicht werden.<\/p>\n<p><strong><a href=\"https:\/\/www.werkpaedagogik.de\/wp-content\/uploads\/2010\/03\/crazy-crokodile-attack.jpg\"><img loading=\"lazy\" decoding=\"async\" class=\"alignleft wp-image-196 size-thumbnail\" title=\"crazy-crokodile-attack\" src=\"https:\/\/www.werkpaedagogik.de\/wp-content\/uploads\/2010\/03\/crazy-crokodile-attack-150x150.jpg\" alt=\"crazy-crokodile-attack\" width=\"150\" height=\"150\" srcset=\"https:\/\/www.werkpaedagogik.de\/wp-content\/uploads\/2010\/03\/crazy-crokodile-attack-150x150.jpg 150w, https:\/\/www.werkpaedagogik.de\/wp-content\/uploads\/2010\/03\/crazy-crokodile-attack-150x150.jpg 300w, https:\/\/www.werkpaedagogik.de\/wp-content\/uploads\/2010\/03\/crazy-crokodile-attack.jpg 600w\" sizes=\"auto, (max-width: 150px) 85vw, 150px\" \/><\/a>Das Wettkampfziel<\/strong><br \/>\n1.) Im Rennen treten zwei Fahrzeuge einer Gestaltungs-Guppe \u00a0gegeneinander an.<br \/>\n2.) Gewinner ist das Fahrzeug, das zuerst die<a href=\"https:\/\/www.werkpaedagogik.de\/wp-content\/uploads\/2010\/03\/crazy-bumper-car.jpg\"><img loading=\"lazy\" decoding=\"async\" class=\"alignright wp-image-199 size-thumbnail\" title=\"crazy-bumper-car\" src=\"https:\/\/www.werkpaedagogik.de\/wp-content\/uploads\/2010\/03\/crazy-bumper-car-150x150.jpg\" alt=\"crazy-bumper-car\" width=\"150\" height=\"150\" \/><\/a> Ziellinie (die Startlinie des Gegners) erreicht hat.<br \/>\n3.) Verhaken sich die Fahrzeuge und verlassen gemeinsam die Bahn, dann gewinnt ein Fahrzeug <a href=\"https:\/\/www.werkpaedagogik.de\/wp-content\/uploads\/2010\/03\/crazy-janus-1.jpg\"><img loading=\"lazy\" decoding=\"async\" class=\"alignleft wp-image-190 size-thumbnail\" title=\"crazy-janus-1\" src=\"https:\/\/www.werkpaedagogik.de\/wp-content\/uploads\/2010\/03\/crazy-janus-1-150x150.jpg\" alt=\"crazy-janus-1\" width=\"150\" height=\"150\" \/><\/a>wenn es seine Ziellinie erreicht hat.<br \/>\n4.) Bleibt ein Fahrzeug in der Bahn, so gewinnt das Fahrzeug, das die Bahn \u00fcber Start oder Ziel verlassen konnte.<a href=\"https:\/\/www.werkpaedagogik.de\/wp-content\/uploads\/2010\/03\/crazybulli.jpg\"><img loading=\"lazy\" decoding=\"async\" class=\"alignright wp-image-188 size-thumbnail\" title=\"crazybulli\" src=\"https:\/\/www.werkpaedagogik.de\/wp-content\/uploads\/2010\/03\/crazybulli-150x150.jpg\" alt=\"crazybulli\" width=\"90\" height=\"90\" \/><\/a><\/p>\n<p><strong>Der Schiedsrichter\u00a0<\/strong><br \/>\n1.) Das Rennen beginnt mit dem Kommando des <a href=\"https:\/\/www.werkpaedagogik.de\/wp-content\/uploads\/2010\/03\/rennwagen-in-der-holzwerkstatt.jpg\"><img loading=\"lazy\" decoding=\"async\" class=\"alignright wp-image-179 size-thumbnail\" title=\"rennwagen-in-der-holzwerkstatt\" src=\"https:\/\/www.werkpaedagogik.de\/wp-content\/uploads\/2010\/03\/rennwagen-in-der-holzwerkstatt-150x150.jpg\" alt=\"rennwagen-in-der-holzwerkstatt\" width=\"150\" height=\"150\" \/><\/a><a href=\"https:\/\/www.werkpaedagogik.de\/wp-content\/uploads\/2010\/03\/woodworkers-crazy-cars.jpg\"><img loading=\"lazy\" decoding=\"async\" class=\"alignleft wp-image-182 size-thumbnail\" title=\"woodworkers-crazy-cars\" src=\"https:\/\/www.werkpaedagogik.de\/wp-content\/uploads\/2010\/03\/woodworkers-crazy-cars-150x150.jpg\" alt=\"woodworkers-crazy-cars\" width=\"150\" height=\"150\" \/><\/a>Schiedsrichters<br \/>\n2.) Der Schiedsrichter \u00fcberwacht die Einhaltung der Rennregeln.<br \/>\n3.) Verkeilen sich die Fahrzeuge in der Bahn oder miteinander ohne sichtbare Bewegung, kann der Schiedsrichter durch Abz\u00e4hlen von 1-10 das <a href=\"https:\/\/www.werkpaedagogik.de\/wp-content\/uploads\/2010\/03\/crazy-car-getriebebau.jpg\"><img loading=\"lazy\" decoding=\"async\" class=\"alignleft wp-image-184 size-thumbnail\" title=\"crazy-car-getriebebau\" src=\"https:\/\/www.werkpaedagogik.de\/wp-content\/uploads\/2010\/03\/crazy-car-getriebebau-150x150.jpg\" alt=\"crazy-car-getriebebau\" width=\"150\" height=\"150\" \/><\/a>Rennen neu starten oder <a href=\"https:\/\/www.werkpaedagogik.de\/wp-content\/uploads\/2010\/03\/crazy-carcrokodile2.jpg\"><img loading=\"lazy\" decoding=\"async\" class=\"alignright wp-image-195 size-thumbnail\" title=\"crazy-carcrokodile2\" src=\"https:\/\/www.werkpaedagogik.de\/wp-content\/uploads\/2010\/03\/crazy-carcrokodile2-150x150.jpg\" alt=\"crazy-carcrokodile2\" width=\"150\" height=\"150\" \/><\/a>einen Sieger benennen.<a href=\"https:\/\/www.werkpaedagogik.de\/wp-content\/uploads\/2010\/03\/crazy-carcrokodile.jpg\"><img loading=\"lazy\" decoding=\"async\" class=\"alignright wp-image-194 size-thumbnail\" title=\"crazy-carcrokodile\" src=\"https:\/\/www.werkpaedagogik.de\/wp-content\/uploads\/2010\/03\/crazy-carcrokodile-150x150.jpg\" alt=\"crazy-carcrokodile\" width=\"150\" height=\"150\" \/><\/a><\/p>\n<p>&nbsp;<\/p>\n<p><a href=\"https:\/\/www.werkpaedagogik.de\/wp-content\/uploads\/2010\/03\/vor-dem-start.jpg\"><br \/>\n<\/a><a href=\"https:\/\/www.werkpaedagogik.de\/wp-content\/uploads\/2010\/03\/crazy-cars-der-start.jpg\"><br \/>\n<\/a><a href=\"https:\/\/www.werkpaedagogik.de\/wp-content\/uploads\/2010\/03\/crazy-racing-cars-begeistern.jpg\"><br \/>\n<\/a><a href=\"https:\/\/www.werkpaedagogik.de\/wp-content\/uploads\/2010\/03\/rennwagen-in-der-holzwerkstatt2.jpg\"><br \/>\n<\/a><a href=\"https:\/\/www.werkpaedagogik.de\/wp-content\/uploads\/2010\/03\/rennwagen-in-der-holzwerkstatt3.jpg\"><br \/>\n<\/a><a href=\"https:\/\/www.werkpaedagogik.de\/wp-content\/uploads\/2010\/03\/rennwagen-in-der-holzwerkstatt.jpg\"><br \/>\n<\/a><a href=\"https:\/\/www.werkpaedagogik.de\/wp-content\/uploads\/2010\/03\/woodworkers-crazy-cars.jpg\"><br \/>\n<\/a><\/p>\n<p><a href=\"https:\/\/www.werkpaedagogik.de\/wp-content\/uploads\/2010\/03\/crazy-car-design.jpg\"><br \/>\n<\/a> <a href=\"https:\/\/www.werkpaedagogik.de\/wp-content\/uploads\/2010\/03\/crazy-janus-1.jpg\"><br \/>\n<\/a><\/p>\n<p>&nbsp;<\/p>\n<p><a href=\"https:\/\/www.werkpaedagogik.de\/wp-content\/uploads\/2010\/03\/crazy-car-speedway.jpg\">\u00a0<\/a><\/p>\n","protected":false},"excerpt":{"rendered":"<p>Rennsportregeln f\u00fcr das &#8222;Wettkampfspiel der verr\u00fcckten Rennwagen aus der Holzwerkstatt&#8220; (Woodworkers Crazy Racing Cars &#8211; #RoboBumpCar ) Bilder zum Vergr\u00f6\u00dfern Anklicken! Das Fahrzeug 1.) Das Fahrzeug (RoboBumpCar) muss vom Fahrer oder einem Rennteam selbstgebaut worden sein. 2.) Es gibt keine Altersbegrenzung f\u00fcr die Fahrer und das Rennteam. 3.) Das Fahrzeug wird von mindestens\u00a0 einem Elektromotor &hellip; <a href=\"https:\/\/www.werkpaedagogik.de\/?page_id=149\" class=\"more-link\"><span class=\"screen-reader-text\">\u201eRennregeln f\u00fcr die RoboBumpCar-Rennbahn.\u201c<\/span> weiterlesen<\/a><\/p>\n","protected":false},"author":2,"featured_media":0,"parent":0,"menu_order":0,"comment_status":"closed","ping_status":"closed","template":"","meta":{"footnotes":""},"class_list":["post-149","page","type-page","status-publish","hentry"],"_links":{"self":[{"href":"https:\/\/www.werkpaedagogik.de\/index.php?rest_route=\/wp\/v2\/pages\/149","targetHints":{"allow":["GET"]}}],"collection":[{"href":"https:\/\/www.werkpaedagogik.de\/index.php?rest_route=\/wp\/v2\/pages"}],"about":[{"href":"https:\/\/www.werkpaedagogik.de\/index.php?rest_route=\/wp\/v2\/types\/page"}],"author":[{"embeddable":true,"href":"https:\/\/www.werkpaedagogik.de\/index.php?rest_route=\/wp\/v2\/users\/2"}],"replies":[{"embeddable":true,"href":"https:\/\/www.werkpaedagogik.de\/index.php?rest_route=%2Fwp%2Fv2%2Fcomments&post=149"}],"version-history":[{"count":30,"href":"https:\/\/www.werkpaedagogik.de\/index.php?rest_route=\/wp\/v2\/pages\/149\/revisions"}],"predecessor-version":[{"id":694,"href":"https:\/\/www.werkpaedagogik.de\/index.php?rest_route=\/wp\/v2\/pages\/149\/revisions\/694"}],"wp:attachment":[{"href":"https:\/\/www.werkpaedagogik.de\/index.php?rest_route=%2Fwp%2Fv2%2Fmedia&parent=149"}],"curies":[{"name":"wp","href":"https:\/\/api.w.org\/{rel}","templated":true}]}}